{"id":1105,"date":"2025-08-29T19:22:21","date_gmt":"2025-08-29T17:22:21","guid":{"rendered":"https:\/\/cavecaenem.fr\/?page_id=1105"},"modified":"2025-08-29T19:22:21","modified_gmt":"2025-08-29T17:22:21","slug":"emma-de-normandie-something-is-rotten","status":"publish","type":"page","link":"https:\/\/cavecaenem.fr\/index.php\/emma-de-normandie-something-is-rotten\/","title":{"rendered":"Emma de Normandie :\u00a0 Something is rotten ?\u00a0"},"content":{"rendered":"\n<p>On ne peut qu\u2019\u00eatre heureux de voir qu\u2019en 2025 une compagnie de th\u00e9\u00e2tre puisse encore cr\u00e9er une pi\u00e8ce&nbsp; avec plus de dix com\u00e9diens, et dans le cas d\u2019Emma de Normandie, de voir qu\u2019une trilogie s\u2019annonce : deux autres pi\u00e8ces donc apr\u00e8s cette Premi\u00e8re couronne pr\u00e9sent\u00e9e autour de Caen depuis la semaine derni\u00e8re.<\/p>\n\n\n\n<p>Le metteur en sc\u00e8ne et auteur Olivier Lopez, dans la dynamique d\u2019un double mill\u00e9naire ( celui de la ville de Caen en 25 et le mill\u00e9naire Guillaume en 27) s\u2019est int\u00e9ress\u00e9 \u00e0 une grande oubli\u00e9e de l\u2019histoire, cette Emma de Normandie dont il nous livre ici le d\u00e9but d\u2019une biographie dramatique. Opportunisme strat\u00e9gique et (ou?) r\u00e9elle passion pour le sujet, peu importe puisque seul le r\u00e9sultat compte.<\/p>\n\n\n\n<p>Avant de retrouver le chemin de sa salle de spectacle, rue de Bretagne, Olivier Lopez fait un peu prendre le frais \u00e0 sa cr\u00e9ation \u00e0 travers une petite s\u00e9rie de repr\u00e9sentations gratuites en plein air ( Cormelles, Louvigny \u2026.) et hier soir \u00e0 Mondeville. Initialement nous devions nous rendre derri\u00e8re la mairie mais les caprices m\u00e9t\u00e9orologiques ont d\u00e9plac\u00e9 la pi\u00e8ce \u00e0 l\u2019int\u00e9rieur de l\u2019aust\u00e8re et tristounette salle du centre socioculturel.&nbsp;<\/p>\n\n\n\n<p>Le d\u00e9cor, une sobre et ronde sc\u00e8ne en bois, clin d\u2019\u0153il incontournable au Globe Theater shakespearien, se pr\u00e9sente comme une belle machine \u00e0 jouer avec ses trappes, ses niches et son plateau qui devient, au fil des sc\u00e8nes, \u00e9criteau ou tombe macabre.&nbsp;<\/p>\n\n\n\n<p>Dans ce premier volet consacr\u00e9 \u00e0 Emma, Lopez ne r\u00e9siste pas au plaisir de nous faire le coup du Tartuffe, le h\u00e9ros \u00e9ponyme de la pi\u00e8ce de Moli\u00e8re qui n\u2019arrive sur sc\u00e8ne qu\u2019au d\u00e9but du 3eme acte. Dans cette Premi\u00e8re couronne, il faudra attendre plus d\u2019une heure trente de spectacle pour enfin voir arriver la jeune Emma. Il faut dire que la pi\u00e8ce est enti\u00e8rement construite autour de la figure du roi anglais Aethelred, interpr\u00e9t\u00e9 par Vincent Dubost. Durant pr\u00e8s de 2h40, Dubost monopolise l\u2019espace et le fait avec une fougue qui force le respect. En v\u00e9ritable acteur shakespearien, il passe du rire aux larmes, de la veulerie \u00e0 la plus troublante humanit\u00e9 et donne \u00e0 cet Aethelred une dimension tragique qui, de par sa puissance et l\u2019importance de son texte, r\u00e9duit de plus en plus les autres personnages \u00e0 des ombres fugaces ou parfois superflues. R\u00e9sumer l\u2019intrigue reviendrait \u00e0 reprendre les grandes lignes d\u2019un article Wikip\u00e9dia mais qu\u2019il me suffise de dire qu\u2019\u00e0 travers ses vingt derni\u00e8res ann\u00e9es mises ici en sc\u00e8ne, on d\u00e9couvre un roi sous la coupe de sa \u00ab&nbsp;m\u00f4man&nbsp;\u00bb, pr\u00eat \u00e0 sauter toutes les petites bonnes qui croisent son chemin, dur avec les faibles et faibles avec les durs et un peu \u00ab&nbsp;raciste&nbsp;\u00bb envers les Danois, bref un roi qui coche toutes les cases de la folie shakespearienne et que Lopez s\u2019amuse ici \u00e0 nous pr\u00e9senter dans une (mal?) adroite confusion entre modernit\u00e9 et caricature historique. On est quelque part entre les Rois maudits, Game of Thrones et Richard III. Fort heureusement le talent de Vincent Dubost fait que l\u2019image ne se fige jamais, donnant ainsi \u00e0 ce&nbsp; roi pleutre une aura complexe, humaine, forc\u00e9ment humaine.<\/p>\n\n\n\n<p>Il en va tout autrement pour la grande figure f\u00e9minine qui tente de se construire devant nous. D\u00e8s son entr\u00e9e en sc\u00e8ne, Emma (Mina Samson) semble litt\u00e9ralement mang\u00e9e par la force et la difficult\u00e9 du parcours qui l\u2019attend. \u00c9videmment, sur le papier, cela colle parfaitement avec le parcours historique de cette jeune fille qui, \u00e0 14 ans, s\u2019appr\u00eate \u00e0 \u00e9pouser le vieil et lubrique Aethelred. Mais, sur sc\u00e8ne, on peine \u00e0 voir ne serait-ce que l\u2019\u00e9bauche d\u2019une figure tragique tant la pr\u00e9sence manque encore d\u2019incarnation. Il reste deux volets pour rattraper et qui sait, construire un r\u00f4le qui n\u00e9cessite une jeune Adjani ( version \u00c9cole des femmes). L\u2019auteur Lopez tire ici une balle dans le pied du metteur en sc\u00e8ne Lopez,&nbsp; surtout avec ce long monologue final durant lequel la reine Emma laisse \u00e9clater des mots amers et lucides mais qu\u2019une restitution \u00e0 la th\u00e9\u00e2tralit\u00e9 un peu laborieuse tire vers le petit drame bourgeois.&nbsp;<\/p>\n\n\n\n<p>Autour de ce couple Aethelred-Emma gravite une galaxie courtisane, hostile ou parfois critique. Des Saxons, des Danois, des Normands, des vikings, des vivants presque morts, des morts presque vivants, les ingr\u00e9dients obligatoires d\u2019une pi\u00e8ce qui lorgne sans honte, et parfois avec force et courage, vers&nbsp; le th\u00e9\u00e2tre populaire et la d\u00e9mesure du barde anglais. Un peu maltrait\u00e9s par des costumes qui h\u00e9sitent en permanence entre clin d\u2019\u0153il second degr\u00e9 et esquisses de reconstitution ( mention \u00ab&nbsp;fou rire&nbsp;\u00bb absolu pour ce casque de moto customis\u00e9 boule \u00e0 facettes disco ) les com\u00e9diens d\u00e9fendent vaillamment des partitions qui permettent parfois de construire de v\u00e9ritables personnages m\u00eame s\u2019ils sont en permanence \u00e9cras\u00e9s bien involontairement par la force et la pr\u00e9sence du roi Aethelred. Ainsi St\u00e9phane Fauvel, en religieux aussi onctueux que m\u00e9diocre illustre, en figure brechtienne, la compromission de l\u2019Eglise catholique ou Edgar Guitton, qui excelle \u00e0 faire parler les morts tout en flattant les vivants. L\u2019occasion d\u2019assister \u00e0 quelques \u00ab&nbsp;num\u00e9ros&nbsp;\u00bb d\u2019acteurs&nbsp; qui rythment de mani\u00e8re n\u00e9cessaire et bienvenue un long spectacle sans entracte. Du c\u00f4t\u00e9 des femmes, Z\u00e9lie Thomas \u00e9claire de sa \u00ab&nbsp;frimousse&nbsp;\u00bb espi\u00e8gle le plateau parfois englu\u00e9 par des sc\u00e8nes familiales convenues entre la m\u00e8re du roi ( Virginie Vaillant), peu aid\u00e9e par un conflit m\u00e8re-fils \u00e0 la rh\u00e9torique&nbsp; primaire.<\/p>\n\n\n\n<p>Il reste donc deux volets pour comprendre et adh\u00e9rer \u00e0 la folie&nbsp; \u00ab&nbsp;Emma&nbsp;\u00bb. Force est de constater que cette Premi\u00e8re couronne, si elle use et abuse des forces d\u2019un th\u00e9\u00e2tre acad\u00e9mique mais peut-\u00eatre n\u00e9cessaire \u00e0 sauvegarder, emprunte pour l\u2019instant des chemins parfois p\u00e9rilleux ( comme ce discutable parall\u00e8le entre notre \u00ab&nbsp;grand remplacement&nbsp;\u00bb fantasm\u00e9 et \u00ab&nbsp;l\u2019\u00e9puration ethnique&nbsp;\u00bb des Danois ) ou dessine, na\u00efvement ( tentation Kaamelott ?) des pistes politiques permettant de lire le pr\u00e9sent \u00e0 la lumi\u00e8re du pass\u00e9. On peut ne rien conna\u00eetre de cette reine plus ou moins injustement oubli\u00e9e et adh\u00e9rer pourtant&nbsp; \u00e0 un projet purement patrimonial, mais il faudra une d\u00e9mesure bien plus provocante pour faire de cette nouvelle figure dramatique propos\u00e9e par Olivier Lopez une h\u00e9ro\u00efne de nos temps modernes. Si c\u2019est avec de vieilles casseroles shakespeariennes qu\u2019on peut, sur une heure ou deux, maintenir le charme du th\u00e9\u00e2tre de papa, il faudra un souffle plus cons\u00e9quent pour basculer dans l\u2019\u00e9pop\u00e9e moderne au risque de ne rester qu\u2019au niveau d\u2019un hommage de patronage.<\/p>\n","protected":false},"excerpt":{"rendered":"<p>On ne peut qu\u2019\u00eatre heureux de voir qu\u2019en 2025 une compagnie de th\u00e9\u00e2tre puisse encore cr\u00e9er une pi\u00e8ce&nbsp; avec plus de dix com\u00e9diens, et dans &#8230;<\/p>\n","protected":false},"author":1,"featured_media":1106,"parent":0,"menu_order":0,"comment_status":"closed","ping_status":"closed","template":"","meta":{"spay_email":""},"yoast_head":"<!-- This site is optimized with the Yoast SEO plugin v17.7.1 - https:\/\/yoast.com\/wordpress\/plugins\/seo\/ -->\n<title>Emma de Normandie :\u00a0 Something is rotten ?\u00a0 - CaveCaenem<\/title>\n<meta name=\"robots\" content=\"index, follow, max-snippet:-1, max-image-preview:large, max-video-preview:-1\" \/>\n<link rel=\"canonical\" href=\"https:\/\/cavecaenem.fr\/index.php\/emma-de-normandie-something-is-rotten\/\" \/>\n<meta property=\"og:locale\" content=\"fr_FR\" \/>\n<meta property=\"og:type\" content=\"article\" \/>\n<meta property=\"og:title\" content=\"Emma de Normandie :\u00a0 Something is rotten ?\u00a0 - CaveCaenem\" \/>\n<meta property=\"og:description\" content=\"On ne peut qu\u2019\u00eatre heureux de voir qu\u2019en 2025 une compagnie de th\u00e9\u00e2tre puisse encore cr\u00e9er une pi\u00e8ce&nbsp; avec plus de dix com\u00e9diens, et dans ...\" \/>\n<meta property=\"og:url\" content=\"https:\/\/cavecaenem.fr\/index.php\/emma-de-normandie-something-is-rotten\/\" \/>\n<meta property=\"og:site_name\" content=\"CaveCaenem\" \/>\n<meta property=\"og:image\" content=\"https:\/\/cavecaenem.fr\/wp-content\/uploads\/2025\/08\/lopez-emma.jpeg\" \/>\n\t<meta property=\"og:image:width\" content=\"1260\" \/>\n\t<meta property=\"og:image:height\" content=\"708\" \/>\n<meta name=\"twitter:card\" content=\"summary_large_image\" \/>\n<meta name=\"twitter:label1\" content=\"Dur\u00e9e de lecture estim\u00e9e\" \/>\n\t<meta name=\"twitter:data1\" content=\"5 minutes\" \/>\n<script type=\"application\/ld+json\" class=\"yoast-schema-graph\">{\"@context\":\"https:\/\/schema.org\",\"@graph\":[{\"@type\":[\"Person\",\"Organization\"],\"@id\":\"https:\/\/cavecaenem.fr\/#\/schema\/person\/8adecaca43e137acf11e776d28d1e734\",\"name\":\"Ren\\u00e9 Fix\",\"image\":{\"@type\":\"ImageObject\",\"@id\":\"https:\/\/cavecaenem.fr\/#personlogo\",\"inLanguage\":\"fr-FR\",\"url\":\"https:\/\/secure.gravatar.com\/avatar\/b49591d8c60f351185d7719fe6f34144?s=96&d=mm&r=g\",\"contentUrl\":\"https:\/\/secure.gravatar.com\/avatar\/b49591d8c60f351185d7719fe6f34144?s=96&d=mm&r=g\",\"caption\":\"Ren\\u00e9 Fix\"},\"logo\":{\"@id\":\"https:\/\/cavecaenem.fr\/#personlogo\"}},{\"@type\":\"WebSite\",\"@id\":\"https:\/\/cavecaenem.fr\/#website\",\"url\":\"https:\/\/cavecaenem.fr\/\",\"name\":\"CaveCaenem\",\"description\":\"L\\u2019actualit\\u00e9 caennaise en toute subjectivit\\u00e9.\",\"publisher\":{\"@id\":\"https:\/\/cavecaenem.fr\/#\/schema\/person\/8adecaca43e137acf11e776d28d1e734\"},\"potentialAction\":[{\"@type\":\"SearchAction\",\"target\":{\"@type\":\"EntryPoint\",\"urlTemplate\":\"https:\/\/cavecaenem.fr\/?s={search_term_string}\"},\"query-input\":\"required name=search_term_string\"}],\"inLanguage\":\"fr-FR\"},{\"@type\":\"ImageObject\",\"@id\":\"https:\/\/cavecaenem.fr\/index.php\/emma-de-normandie-something-is-rotten\/#primaryimage\",\"inLanguage\":\"fr-FR\",\"url\":\"https:\/\/cavecaenem.fr\/wp-content\/uploads\/2025\/08\/lopez-emma.jpeg\",\"contentUrl\":\"https:\/\/cavecaenem.fr\/wp-content\/uploads\/2025\/08\/lopez-emma.jpeg\",\"width\":1260,\"height\":708},{\"@type\":\"WebPage\",\"@id\":\"https:\/\/cavecaenem.fr\/index.php\/emma-de-normandie-something-is-rotten\/#webpage\",\"url\":\"https:\/\/cavecaenem.fr\/index.php\/emma-de-normandie-something-is-rotten\/\",\"name\":\"Emma de Normandie :\\u00a0 Something is rotten ?\\u00a0 - CaveCaenem\",\"isPartOf\":{\"@id\":\"https:\/\/cavecaenem.fr\/#website\"},\"primaryImageOfPage\":{\"@id\":\"https:\/\/cavecaenem.fr\/index.php\/emma-de-normandie-something-is-rotten\/#primaryimage\"},\"datePublished\":\"2025-08-29T17:22:21+00:00\",\"dateModified\":\"2025-08-29T17:22:21+00:00\",\"breadcrumb\":{\"@id\":\"https:\/\/cavecaenem.fr\/index.php\/emma-de-normandie-something-is-rotten\/#breadcrumb\"},\"inLanguage\":\"fr-FR\",\"potentialAction\":[{\"@type\":\"ReadAction\",\"target\":[\"https:\/\/cavecaenem.fr\/index.php\/emma-de-normandie-something-is-rotten\/\"]}]},{\"@type\":\"BreadcrumbList\",\"@id\":\"https:\/\/cavecaenem.fr\/index.php\/emma-de-normandie-something-is-rotten\/#breadcrumb\",\"itemListElement\":[{\"@type\":\"ListItem\",\"position\":1,\"name\":\"Accueil\",\"item\":\"https:\/\/cavecaenem.fr\/\"},{\"@type\":\"ListItem\",\"position\":2,\"name\":\"Emma de Normandie :\\u00a0 Something is rotten ?\\u00a0\"}]}]}<\/script>\n<!-- \/ Yoast SEO plugin. -->","yoast_head_json":{"title":"Emma de Normandie :\u00a0 Something is rotten ?\u00a0 - CaveCaenem","robots":{"index":"index","follow":"follow","max-snippet":"max-snippet:-1","max-image-preview":"max-image-preview:large","max-video-preview":"max-video-preview:-1"},"canonical":"https:\/\/cavecaenem.fr\/index.php\/emma-de-normandie-something-is-rotten\/","og_locale":"fr_FR","og_type":"article","og_title":"Emma de Normandie :\u00a0 Something is rotten ?\u00a0 - CaveCaenem","og_description":"On ne peut qu\u2019\u00eatre heureux de voir qu\u2019en 2025 une compagnie de th\u00e9\u00e2tre puisse encore cr\u00e9er une pi\u00e8ce&nbsp; avec plus de dix com\u00e9diens, et dans ...","og_url":"https:\/\/cavecaenem.fr\/index.php\/emma-de-normandie-something-is-rotten\/","og_site_name":"CaveCaenem","og_image":[{"width":1260,"height":708,"url":"https:\/\/cavecaenem.fr\/wp-content\/uploads\/2025\/08\/lopez-emma.jpeg","type":"image\/jpeg"}],"twitter_card":"summary_large_image","twitter_misc":{"Dur\u00e9e de lecture estim\u00e9e":"5 minutes"},"schema":{"@context":"https:\/\/schema.org","@graph":[{"@type":["Person","Organization"],"@id":"https:\/\/cavecaenem.fr\/#\/schema\/person\/8adecaca43e137acf11e776d28d1e734","name":"Ren\u00e9 Fix","image":{"@type":"ImageObject","@id":"https:\/\/cavecaenem.fr\/#personlogo","inLanguage":"fr-FR","url":"https:\/\/secure.gravatar.com\/avatar\/b49591d8c60f351185d7719fe6f34144?s=96&d=mm&r=g","contentUrl":"https:\/\/secure.gravatar.com\/avatar\/b49591d8c60f351185d7719fe6f34144?s=96&d=mm&r=g","caption":"Ren\u00e9 Fix"},"logo":{"@id":"https:\/\/cavecaenem.fr\/#personlogo"}},{"@type":"WebSite","@id":"https:\/\/cavecaenem.fr\/#website","url":"https:\/\/cavecaenem.fr\/","name":"CaveCaenem","description":"L\u2019actualit\u00e9 caennaise en toute subjectivit\u00e9.","publisher":{"@id":"https:\/\/cavecaenem.fr\/#\/schema\/person\/8adecaca43e137acf11e776d28d1e734"},"potentialAction":[{"@type":"SearchAction","target":{"@type":"EntryPoint","urlTemplate":"https:\/\/cavecaenem.fr\/?s={search_term_string}"},"query-input":"required name=search_term_string"}],"inLanguage":"fr-FR"},{"@type":"ImageObject","@id":"https:\/\/cavecaenem.fr\/index.php\/emma-de-normandie-something-is-rotten\/#primaryimage","inLanguage":"fr-FR","url":"https:\/\/cavecaenem.fr\/wp-content\/uploads\/2025\/08\/lopez-emma.jpeg","contentUrl":"https:\/\/cavecaenem.fr\/wp-content\/uploads\/2025\/08\/lopez-emma.jpeg","width":1260,"height":708},{"@type":"WebPage","@id":"https:\/\/cavecaenem.fr\/index.php\/emma-de-normandie-something-is-rotten\/#webpage","url":"https:\/\/cavecaenem.fr\/index.php\/emma-de-normandie-something-is-rotten\/","name":"Emma de Normandie :\u00a0 Something is rotten ?\u00a0 - CaveCaenem","isPartOf":{"@id":"https:\/\/cavecaenem.fr\/#website"},"primaryImageOfPage":{"@id":"https:\/\/cavecaenem.fr\/index.php\/emma-de-normandie-something-is-rotten\/#primaryimage"},"datePublished":"2025-08-29T17:22:21+00:00","dateModified":"2025-08-29T17:22:21+00:00","breadcrumb":{"@id":"https:\/\/cavecaenem.fr\/index.php\/emma-de-normandie-something-is-rotten\/#breadcrumb"},"inLanguage":"fr-FR","potentialAction":[{"@type":"ReadAction","target":["https:\/\/cavecaenem.fr\/index.php\/emma-de-normandie-something-is-rotten\/"]}]},{"@type":"BreadcrumbList","@id":"https:\/\/cavecaenem.fr\/index.php\/emma-de-normandie-something-is-rotten\/#breadcrumb","itemListElement":[{"@type":"ListItem","position":1,"name":"Accueil","item":"https:\/\/cavecaenem.fr\/"},{"@type":"ListItem","position":2,"name":"Emma de Normandie :\u00a0 Something is rotten ?\u00a0"}]}]}},"_links":{"self":[{"href":"https:\/\/cavecaenem.fr\/index.php\/wp-json\/wp\/v2\/pages\/1105"}],"collection":[{"href":"https:\/\/cavecaenem.fr\/index.php\/wp-json\/wp\/v2\/pages"}],"about":[{"href":"https:\/\/cavecaenem.fr\/index.php\/wp-json\/wp\/v2\/types\/page"}],"author":[{"embeddable":true,"href":"https:\/\/cavecaenem.fr\/index.php\/wp-json\/wp\/v2\/users\/1"}],"replies":[{"embeddable":true,"href":"https:\/\/cavecaenem.fr\/index.php\/wp-json\/wp\/v2\/comments?post=1105"}],"version-history":[{"count":1,"href":"https:\/\/cavecaenem.fr\/index.php\/wp-json\/wp\/v2\/pages\/1105\/revisions"}],"predecessor-version":[{"id":1107,"href":"https:\/\/cavecaenem.fr\/index.php\/wp-json\/wp\/v2\/pages\/1105\/revisions\/1107"}],"wp:featuredmedia":[{"embeddable":true,"href":"https:\/\/cavecaenem.fr\/index.php\/wp-json\/wp\/v2\/media\/1106"}],"wp:attachment":[{"href":"https:\/\/cavecaenem.fr\/index.php\/wp-json\/wp\/v2\/media?parent=1105"}],"curies":[{"name":"wp","href":"https:\/\/api.w.org\/{rel}","templated":true}]}}